{"id":812,"date":"2024-12-03T00:16:09","date_gmt":"2024-12-02T23:16:09","guid":{"rendered":"https:\/\/dev.jassesdecamargue.com\/?page_id=812"},"modified":"2025-04-23T20:05:06","modified_gmt":"2025-04-23T18:05:06","slug":"restaurant","status":"publish","type":"page","link":"https:\/\/dev.jassesdecamargue.com\/fr\/restaurant\/","title":{"rendered":"Restaurant"},"content":{"rendered":"\t\t<div data-elementor-type=\"wp-page\" data-elementor-id=\"812\" class=\"elementor elementor-812\" data-elementor-post-type=\"page\">\n\t\t\t\t<div class=\"elementor-element elementor-element-fcbba0c e-con-full e-flex e-con e-parent\" data-id=\"fcbba0c\" data-element_type=\"container\" data-settings=\"{&quot;background_background&quot;:&quot;classic&quot;}\">\n\t\t\t\t<div class=\"elementor-element elementor-element-eb23683 elementor-widget elementor-widget-heading\" data-id=\"eb23683\" data-element_type=\"widget\" data-widget_type=\"heading.default\">\n\t\t\t\t<div class=\"elementor-widget-container\">\n\t\t\t\t\t<h1 class=\"elementor-heading-title elementor-size-default\">Le Restaurant<\/h1>\t\t\t\t<\/div>\n\t\t\t\t<\/div>\n\t\t\t\t<\/div>\n\t\t<div class=\"elementor-element elementor-element-7530fa0 e-flex e-con-boxed e-con e-parent\" data-id=\"7530fa0\" data-element_type=\"container\">\n\t\t\t\t\t<div class=\"e-con-inner\">\n\t\t\t\t<div class=\"elementor-element elementor-element-16afd63 elementor-widget__width-inherit elementor-widget elementor-widget-html\" data-id=\"16afd63\" data-element_type=\"widget\" data-widget_type=\"html.default\">\n\t\t\t\t<div class=\"elementor-widget-container\">\n\t\t\t\t\t<iframe\r\n        src=\"https:\/\/widget.thefork.com\/a35e20c2-c300-490e-b167-c39bdd5565d3\"\r\n        allow=\"payment *\"\r\n        style=\"width: 100%; min-height:300px; border:none; overflow:scroll;\"\r\n      ><\/iframe>\t\t\t\t<\/div>\n\t\t\t\t<\/div>\n\t\t\t\t\t<\/div>\n\t\t\t\t<\/div>\n\t\t<div class=\"elementor-element elementor-element-1a5680c e-con-full e-flex e-con e-parent\" data-id=\"1a5680c\" data-element_type=\"container\">\n\t\t<div class=\"elementor-element elementor-element-3c987cc e-con-full e-flex e-con e-child\" data-id=\"3c987cc\" data-element_type=\"container\">\n\t\t\t\t<div class=\"elementor-element elementor-element-1f7e17b elementor-widget elementor-widget-heading\" data-id=\"1f7e17b\" data-element_type=\"widget\" data-widget_type=\"heading.default\">\n\t\t\t\t<div class=\"elementor-widget-container\">\n\t\t\t\t\t<h2 class=\"elementor-heading-title elementor-size-default\">Une cuisine authentique et m\u00e9diterran\u00e9enne<br><b>Restaurant des jasses de camargues<\/b><\/h2>\t\t\t\t<\/div>\n\t\t\t\t<\/div>\n\t\t\t\t<div class=\"elementor-element elementor-element-02f4ebc elementor-widget elementor-widget-text-editor\" data-id=\"02f4ebc\" data-element_type=\"widget\" data-widget_type=\"text-editor.default\">\n\t\t\t\t<div class=\"elementor-widget-container\">\n\t\t\t\t\t\t\t\t\t<p>Aux Jasses de Camargue, on croque la Camargue \u00e0 pleine dent et on fait danser le sud dans son assiette. Une cuisine \u00ab\u00a0bon vivant\u00a0\u00bb au couleur de notre belle r\u00e9gion. <br \/>Nous aimons notre r\u00e9gion et prenons plaisir \u00e0 vous proposer une carte unique mettant en avant les richesses de la Camargue.<\/p><p>Nous privil\u00e9gions les produits simples, de qualit\u00e9 et de saison, et favorisons un travail avec des producteurs locaux.<\/p><p>Les Jasses de Camargue vous accueille tout au long de l&rsquo;ann\u00e9e pour un d\u00e9jeuner d&rsquo;affaires ou un d\u00eener entre amis ou en famille et met \u00e0 disposition deux espaces de restauration, \u00e0 la convenance de sa client\u00e8le :<\/p><p>&#8211; Un espace int\u00e9rieur sophistiqu\u00e9 pour d\u00e9guster son repas dans un int\u00e9rieur chic et boh\u00e8me,<\/p><p>&#8211; Une terrasse ext\u00e9rieure orn\u00e9e de palmiers pour tous ceux d\u00e9sirant manger \u00e0 l&rsquo;ombre au contact d&rsquo;une l\u00e9g\u00e8re brise camarguaise.<\/p><p>Notre personnel vous propose \u00e9galement le service en chambre pour vous garantir disscr\u00e9tion et intimit\u00e9.<\/p><p>Notre h\u00f4tel restaurant entre H\u00e9rault et Gard vous offre \u00e9galement deux cartes et deux ambiances distinctes le midi et le soir :<\/p><p>&#8211; Le midi, une carte bistrot en toute simplicit\u00e9, pour un d\u00e9jeuner d\u00e9contract\u00e9<\/p><ul><li>Formule d\u00e9jeuner \u00e0 partir de 19,90\u20ac : <strong>Entr\u00e9e + Plat + Dessert.<\/strong><\/li><li>Formule d\u00e9jeuner \u00e0 partir de 17,90\u20ac : <strong>Entr\u00e9e\/Plat ou Plat\/Dessert.<\/strong><\/li><li>Formule d\u00e9jeuner \u00e0 partir de 15,90\u20ac : <strong>Plat du jour.<\/strong><\/li><li>Possibilit\u00e9 de choisir un menu personnalis\u00e9 pour vos repas d&rsquo;\u00e9quipe ou \u00e9v\u00e9nements d&rsquo;entreprise.<\/li><\/ul><p>\u00a0<\/p><p>&#8211; Le soir, une carte soign\u00e9e, proche de son terroir, centr\u00e9e sur le produit, la saisonnalit\u00e9 et des saveurs pointues<\/p>\t\t\t\t\t\t\t\t<\/div>\n\t\t\t\t<\/div>\n\t\t\t\t<div class=\"elementor-element elementor-element-2db6d2d elementor-widget elementor-widget-spacer\" data-id=\"2db6d2d\" data-element_type=\"widget\" data-widget_type=\"spacer.default\">\n\t\t\t\t<div class=\"elementor-widget-container\">\n\t\t\t\t\t\t\t<div class=\"elementor-spacer\">\n\t\t\t<div class=\"elementor-spacer-inner\"><\/div>\n\t\t<\/div>\n\t\t\t\t\t\t<\/div>\n\t\t\t\t<\/div>\n\t\t\t\t<div class=\"elementor-element elementor-element-b90b752 elementor-align-center elementor-mobile-align-center elementor-widget elementor-widget-button\" data-id=\"b90b752\" data-element_type=\"widget\" data-widget_type=\"button.default\">\n\t\t\t\t<div class=\"elementor-widget-container\">\n\t\t\t\t\t\t\t\t\t<div class=\"elementor-button-wrapper\">\n\t\t\t\t\t<a class=\"elementor-button elementor-button-link elementor-size-sm\" href=\"https:\/\/www.canva.com\/design\/DAGPy5kNxiM\/v1RTou5ti_kXTKEkt4GDdw\/view?utm_content=DAGPy5kNxiM&#038;utm_campaign=designshare&#038;utm_medium=link&#038;utm_source=editor\" target=\"_blank\" rel=\"noopener\">\n\t\t\t\t\t\t<span class=\"elementor-button-content-wrapper\">\n\t\t\t\t\t\t<span class=\"elementor-button-icon\">\n\t\t\t\t<svg aria-hidden=\"true\" class=\"e-font-icon-svg e-fas-arrow-right\" viewBox=\"0 0 448 512\" xmlns=\"http:\/\/www.w3.org\/2000\/svg\"><path d=\"M190.5 66.9l22.2-22.2c9.4-9.4 24.6-9.4 33.9 0L441 239c9.4 9.4 9.4 24.6 0 33.9L246.6 467.3c-9.4 9.4-24.6 9.4-33.9 0l-22.2-22.2c-9.5-9.5-9.3-25 .4-34.3L311.4 296H24c-13.3 0-24-10.7-24-24v-32c0-13.3 10.7-24 24-24h287.4L190.9 101.2c-9.8-9.3-10-24.8-.4-34.3z\"><\/path><\/svg>\t\t\t<\/span>\n\t\t\t\t\t\t\t\t\t<span class=\"elementor-button-text\">Notre carte<\/span>\n\t\t\t\t\t<\/span>\n\t\t\t\t\t<\/a>\n\t\t\t\t<\/div>\n\t\t\t\t\t\t\t\t<\/div>\n\t\t\t\t<\/div>\n\t\t\t\t<\/div>\n\t\t<div class=\"elementor-element elementor-element-ba8cc74 e-con-full e-flex e-con e-child\" data-id=\"ba8cc74\" data-element_type=\"container\">\n\t\t\t\t<div class=\"elementor-element elementor-element-8cb50e9 elementor-widget elementor-widget-gallery\" data-id=\"8cb50e9\" data-element_type=\"widget\" data-settings=\"{&quot;gallery_layout&quot;:&quot;masonry&quot;,&quot;columns&quot;:2,&quot;columns_mobile&quot;:2,&quot;lazyload&quot;:&quot;yes&quot;,&quot;columns_tablet&quot;:2,&quot;gap&quot;:{&quot;unit&quot;:&quot;px&quot;,&quot;size&quot;:10,&quot;sizes&quot;:[]},&quot;gap_tablet&quot;:{&quot;unit&quot;:&quot;px&quot;,&quot;size&quot;:10,&quot;sizes&quot;:[]},&quot;gap_mobile&quot;:{&quot;unit&quot;:&quot;px&quot;,&quot;size&quot;:10,&quot;sizes&quot;:[]},&quot;link_to&quot;:&quot;file&quot;,&quot;overlay_background&quot;:&quot;yes&quot;,&quot;content_hover_animation&quot;:&quot;fade-in&quot;}\" data-widget_type=\"gallery.default\">\n\t\t\t\t<div class=\"elementor-widget-container\">\n\t\t\t\t\t\t\t<div class=\"elementor-gallery__container\">\n\t\t\t\t\t\t\t<a class=\"e-gallery-item elementor-gallery-item elementor-animated-content\" href=\"https:\/\/dev.jassesdecamargue.com\/wp-content\/uploads\/2024\/12\/restaurant-jasses-profiterole-scaled.jpg\" data-elementor-open-lightbox=\"yes\" data-elementor-lightbox-slideshow=\"8cb50e9\" data-elementor-lightbox-title=\"restaurant-jasses-profiterole\" data-e-action-hash=\"#elementor-action%3Aaction%3Dlightbox%26settings%3DeyJpZCI6MTIxMywidXJsIjoiaHR0cHM6XC9cL2Rldi5qYXNzZXNkZWNhbWFyZ3VlLmNvbVwvd3AtY29udGVudFwvdXBsb2Fkc1wvMjAyNFwvMTJcL3Jlc3RhdXJhbnQtamFzc2VzLXByb2ZpdGVyb2xlLXNjYWxlZC5qcGciLCJzbGlkZXNob3ciOiI4Y2I1MGU5In0%3D\">\n\t\t\t\t\t<div class=\"e-gallery-image elementor-gallery-item__image\" data-thumbnail=\"https:\/\/dev.jassesdecamargue.com\/wp-content\/uploads\/2024\/12\/restaurant-jasses-profiterole-200x300.jpg\" data-width=\"200\" data-height=\"300\" aria-label=\"\" role=\"img\" ><\/div>\n\t\t\t\t\t\t\t\t\t\t\t<div class=\"elementor-gallery-item__overlay\"><\/div>\n\t\t\t\t\t\t\t\t\t\t\t\t\t\t<\/a>\n\t\t\t\t\t\t\t<a class=\"e-gallery-item elementor-gallery-item elementor-animated-content\" href=\"https:\/\/dev.jassesdecamargue.com\/wp-content\/uploads\/2024\/12\/jasses-de-camargue-gallargues-le-montueux-restaurant-plat-2-1-scaled.jpg\" data-elementor-open-lightbox=\"yes\" data-elementor-lightbox-slideshow=\"8cb50e9\" data-elementor-lightbox-title=\"jasses-de-camargue-gallargues-le-montueux-restaurant-plat-2\" data-e-action-hash=\"#elementor-action%3Aaction%3Dlightbox%26settings%3DeyJpZCI6ODUyLCJ1cmwiOiJodHRwczpcL1wvZGV2Lmphc3Nlc2RlY2FtYXJndWUuY29tXC93cC1jb250ZW50XC91cGxvYWRzXC8yMDI0XC8xMlwvamFzc2VzLWRlLWNhbWFyZ3VlLWdhbGxhcmd1ZXMtbGUtbW9udHVldXgtcmVzdGF1cmFudC1wbGF0LTItMS1zY2FsZWQuanBnIiwic2xpZGVzaG93IjoiOGNiNTBlOSJ9\">\n\t\t\t\t\t<div class=\"e-gallery-image elementor-gallery-item__image\" data-thumbnail=\"https:\/\/dev.jassesdecamargue.com\/wp-content\/uploads\/2024\/12\/jasses-de-camargue-gallargues-le-montueux-restaurant-plat-2-1-200x300.jpg\" data-width=\"200\" data-height=\"300\" aria-label=\"\" role=\"img\" ><\/div>\n\t\t\t\t\t\t\t\t\t\t\t<div class=\"elementor-gallery-item__overlay\"><\/div>\n\t\t\t\t\t\t\t\t\t\t\t\t\t\t<\/a>\n\t\t\t\t\t\t\t<a class=\"e-gallery-item elementor-gallery-item elementor-animated-content\" href=\"https:\/\/dev.jassesdecamargue.com\/wp-content\/uploads\/2024\/12\/restaurant-gallargues-scaled.jpg\" data-elementor-open-lightbox=\"yes\" data-elementor-lightbox-slideshow=\"8cb50e9\" data-elementor-lightbox-title=\"restaurant-gallargues\" data-e-action-hash=\"#elementor-action%3Aaction%3Dlightbox%26settings%3DeyJpZCI6MTIxNiwidXJsIjoiaHR0cHM6XC9cL2Rldi5qYXNzZXNkZWNhbWFyZ3VlLmNvbVwvd3AtY29udGVudFwvdXBsb2Fkc1wvMjAyNFwvMTJcL3Jlc3RhdXJhbnQtZ2FsbGFyZ3Vlcy1zY2FsZWQuanBnIiwic2xpZGVzaG93IjoiOGNiNTBlOSJ9\">\n\t\t\t\t\t<div class=\"e-gallery-image elementor-gallery-item__image\" data-thumbnail=\"https:\/\/dev.jassesdecamargue.com\/wp-content\/uploads\/2024\/12\/restaurant-gallargues-200x300.jpg\" data-width=\"200\" data-height=\"300\" aria-label=\"\" role=\"img\" ><\/div>\n\t\t\t\t\t\t\t\t\t\t\t<div class=\"elementor-gallery-item__overlay\"><\/div>\n\t\t\t\t\t\t\t\t\t\t\t\t\t\t<\/a>\n\t\t\t\t\t\t\t<a class=\"e-gallery-item elementor-gallery-item elementor-animated-content\" href=\"https:\/\/dev.jassesdecamargue.com\/wp-content\/uploads\/2024\/12\/menu-restaurant-lunel-scaled.jpg\" data-elementor-open-lightbox=\"yes\" data-elementor-lightbox-slideshow=\"8cb50e9\" data-elementor-lightbox-title=\"menu-restaurant-lunel\" data-e-action-hash=\"#elementor-action%3Aaction%3Dlightbox%26settings%3DeyJpZCI6MTIxMSwidXJsIjoiaHR0cHM6XC9cL2Rldi5qYXNzZXNkZWNhbWFyZ3VlLmNvbVwvd3AtY29udGVudFwvdXBsb2Fkc1wvMjAyNFwvMTJcL21lbnUtcmVzdGF1cmFudC1sdW5lbC1zY2FsZWQuanBnIiwic2xpZGVzaG93IjoiOGNiNTBlOSJ9\">\n\t\t\t\t\t<div class=\"e-gallery-image elementor-gallery-item__image\" data-thumbnail=\"https:\/\/dev.jassesdecamargue.com\/wp-content\/uploads\/2024\/12\/menu-restaurant-lunel-200x300.jpg\" data-width=\"200\" data-height=\"300\" aria-label=\"\" role=\"img\" ><\/div>\n\t\t\t\t\t\t\t\t\t\t\t<div class=\"elementor-gallery-item__overlay\"><\/div>\n\t\t\t\t\t\t\t\t\t\t\t\t\t\t<\/a>\n\t\t\t\t\t\t\t<a class=\"e-gallery-item elementor-gallery-item elementor-animated-content\" href=\"https:\/\/dev.jassesdecamargue.com\/wp-content\/uploads\/2024\/12\/bar-restaurant-aigues-mortes-scaled.jpg\" data-elementor-open-lightbox=\"yes\" data-elementor-lightbox-slideshow=\"8cb50e9\" data-elementor-lightbox-title=\"bar-restaurant-aigues-mortes\" data-e-action-hash=\"#elementor-action%3Aaction%3Dlightbox%26settings%3DeyJpZCI6MTIwOSwidXJsIjoiaHR0cHM6XC9cL2Rldi5qYXNzZXNkZWNhbWFyZ3VlLmNvbVwvd3AtY29udGVudFwvdXBsb2Fkc1wvMjAyNFwvMTJcL2Jhci1yZXN0YXVyYW50LWFpZ3Vlcy1tb3J0ZXMtc2NhbGVkLmpwZyIsInNsaWRlc2hvdyI6IjhjYjUwZTkifQ%3D%3D\">\n\t\t\t\t\t<div class=\"e-gallery-image elementor-gallery-item__image\" data-thumbnail=\"https:\/\/dev.jassesdecamargue.com\/wp-content\/uploads\/2024\/12\/bar-restaurant-aigues-mortes-200x300.jpg\" data-width=\"200\" data-height=\"300\" aria-label=\"\" role=\"img\" ><\/div>\n\t\t\t\t\t\t\t\t\t\t\t<div class=\"elementor-gallery-item__overlay\"><\/div>\n\t\t\t\t\t\t\t\t\t\t\t\t\t\t<\/a>\n\t\t\t\t\t\t\t<a class=\"e-gallery-item elementor-gallery-item elementor-animated-content\" href=\"https:\/\/dev.jassesdecamargue.com\/wp-content\/uploads\/2025\/04\/hotel_proche_montpellier-scaled.jpg\" data-elementor-open-lightbox=\"yes\" data-elementor-lightbox-slideshow=\"8cb50e9\" data-elementor-lightbox-title=\"Jasses de Camargue\" data-e-action-hash=\"#elementor-action%3Aaction%3Dlightbox%26settings%3DeyJpZCI6MjE4OCwidXJsIjoiaHR0cHM6XC9cL2Rldi5qYXNzZXNkZWNhbWFyZ3VlLmNvbVwvd3AtY29udGVudFwvdXBsb2Fkc1wvMjAyNVwvMDRcL2hvdGVsX3Byb2NoZV9tb250cGVsbGllci1zY2FsZWQuanBnIiwic2xpZGVzaG93IjoiOGNiNTBlOSJ9\">\n\t\t\t\t\t<div class=\"e-gallery-image elementor-gallery-item__image\" data-thumbnail=\"https:\/\/dev.jassesdecamargue.com\/wp-content\/uploads\/2025\/04\/hotel_proche_montpellier-200x300.jpg\" data-width=\"200\" data-height=\"300\" aria-label=\"\" role=\"img\" ><\/div>\n\t\t\t\t\t\t\t\t\t\t\t<div class=\"elementor-gallery-item__overlay\"><\/div>\n\t\t\t\t\t\t\t\t\t\t\t\t\t\t<\/a>\n\t\t\t\t\t\t\t<a class=\"e-gallery-item elementor-gallery-item elementor-animated-content\" href=\"https:\/\/dev.jassesdecamargue.com\/wp-content\/uploads\/2025\/04\/hotel_proche_nimes-scaled.jpg\" data-elementor-open-lightbox=\"yes\" data-elementor-lightbox-slideshow=\"8cb50e9\" data-elementor-lightbox-title=\"Jasses de Camargue\" data-e-action-hash=\"#elementor-action%3Aaction%3Dlightbox%26settings%3DeyJpZCI6MjE5MCwidXJsIjoiaHR0cHM6XC9cL2Rldi5qYXNzZXNkZWNhbWFyZ3VlLmNvbVwvd3AtY29udGVudFwvdXBsb2Fkc1wvMjAyNVwvMDRcL2hvdGVsX3Byb2NoZV9uaW1lcy1zY2FsZWQuanBnIiwic2xpZGVzaG93IjoiOGNiNTBlOSJ9\">\n\t\t\t\t\t<div class=\"e-gallery-image elementor-gallery-item__image\" data-thumbnail=\"https:\/\/dev.jassesdecamargue.com\/wp-content\/uploads\/2025\/04\/hotel_proche_nimes-200x300.jpg\" data-width=\"200\" data-height=\"300\" aria-label=\"\" role=\"img\" ><\/div>\n\t\t\t\t\t\t\t\t\t\t\t<div class=\"elementor-gallery-item__overlay\"><\/div>\n\t\t\t\t\t\t\t\t\t\t\t\t\t\t<\/a>\n\t\t\t\t\t\t\t<a class=\"e-gallery-item elementor-gallery-item elementor-animated-content\" href=\"https:\/\/dev.jassesdecamargue.com\/wp-content\/uploads\/2025\/04\/hotel_dans_le_gard-scaled.jpg\" data-elementor-open-lightbox=\"yes\" data-elementor-lightbox-slideshow=\"8cb50e9\" data-elementor-lightbox-title=\"Jasses de Camargue\" data-e-action-hash=\"#elementor-action%3Aaction%3Dlightbox%26settings%3DeyJpZCI6MjE5MiwidXJsIjoiaHR0cHM6XC9cL2Rldi5qYXNzZXNkZWNhbWFyZ3VlLmNvbVwvd3AtY29udGVudFwvdXBsb2Fkc1wvMjAyNVwvMDRcL2hvdGVsX2RhbnNfbGVfZ2FyZC1zY2FsZWQuanBnIiwic2xpZGVzaG93IjoiOGNiNTBlOSJ9\">\n\t\t\t\t\t<div class=\"e-gallery-image elementor-gallery-item__image\" data-thumbnail=\"https:\/\/dev.jassesdecamargue.com\/wp-content\/uploads\/2025\/04\/hotel_dans_le_gard-200x300.jpg\" data-width=\"200\" data-height=\"300\" aria-label=\"\" role=\"img\" ><\/div>\n\t\t\t\t\t\t\t\t\t\t\t<div class=\"elementor-gallery-item__overlay\"><\/div>\n\t\t\t\t\t\t\t\t\t\t\t\t\t\t<\/a>\n\t\t\t\t\t<\/div>\n\t\t\t\t\t<\/div>\n\t\t\t\t<\/div>\n\t\t\t\t<\/div>\n\t\t\t\t<\/div>\n\t\t<div class=\"elementor-element elementor-element-eabaeff e-flex e-con-boxed e-con e-parent\" data-id=\"eabaeff\" data-element_type=\"container\">\n\t\t\t\t\t<div class=\"e-con-inner\">\n\t\t\t\t\t<\/div>\n\t\t\t\t<\/div>\n\t\t\t\t<\/div>\n\t\t","protected":false},"excerpt":{"rendered":"<p>Aux Jasses de Camargue, on croque la Camargue \u00e0 pleine dent et on fait danser le sud dans son assiette. Notre h\u00f4tel restaurant entre H\u00e9rault et Gard vous offre \u00e9galement deux cartes et deux ambiances distinctes le midi et le soir.<\/p>\n","protected":false},"author":1,"featured_media":0,"parent":0,"menu_order":0,"comment_status":"closed","ping_status":"closed","template":"","meta":{"footnotes":""},"class_list":["post-812","page","type-page","status-publish","hentry"],"_links":{"self":[{"href":"https:\/\/dev.jassesdecamargue.com\/en\/wp-json\/wp\/v2\/pages\/812","targetHints":{"allow":["GET"]}}],"collection":[{"href":"https:\/\/dev.jassesdecamargue.com\/en\/wp-json\/wp\/v2\/pages"}],"about":[{"href":"https:\/\/dev.jassesdecamargue.com\/en\/wp-json\/wp\/v2\/types\/page"}],"author":[{"embeddable":true,"href":"https:\/\/dev.jassesdecamargue.com\/en\/wp-json\/wp\/v2\/users\/1"}],"replies":[{"embeddable":true,"href":"https:\/\/dev.jassesdecamargue.com\/en\/wp-json\/wp\/v2\/comments?post=812"}],"version-history":[{"count":106,"href":"https:\/\/dev.jassesdecamargue.com\/en\/wp-json\/wp\/v2\/pages\/812\/revisions"}],"predecessor-version":[{"id":2196,"href":"https:\/\/dev.jassesdecamargue.com\/en\/wp-json\/wp\/v2\/pages\/812\/revisions\/2196"}],"wp:attachment":[{"href":"https:\/\/dev.jassesdecamargue.com\/en\/wp-json\/wp\/v2\/media?parent=812"}],"curies":[{"name":"wp","href":"https:\/\/api.w.org\/{rel}","templated":true}]}}