{"id":1281,"date":"2024-12-18T17:39:46","date_gmt":"2024-12-18T16:39:46","guid":{"rendered":"https:\/\/dev.jassesdecamargue.com\/?page_id=1281"},"modified":"2025-03-06T01:27:31","modified_gmt":"2025-03-06T00:27:31","slug":"bon-cadeau","status":"publish","type":"page","link":"https:\/\/dev.jassesdecamargue.com\/fr\/bon-cadeau\/","title":{"rendered":"Bon cadeau"},"content":{"rendered":"\t\t<div data-elementor-type=\"wp-page\" data-elementor-id=\"1281\" class=\"elementor elementor-1281\" data-elementor-post-type=\"page\">\n\t\t\t\t<div class=\"elementor-element elementor-element-fcbba0c e-con-full e-flex e-con e-parent\" data-id=\"fcbba0c\" data-element_type=\"container\" data-settings=\"{&quot;background_background&quot;:&quot;classic&quot;}\">\n\t\t\t\t<div class=\"elementor-element elementor-element-eb23683 elementor-widget elementor-widget-heading\" data-id=\"eb23683\" data-element_type=\"widget\" data-widget_type=\"heading.default\">\n\t\t\t\t<div class=\"elementor-widget-container\">\n\t\t\t\t\t<h1 class=\"elementor-heading-title elementor-size-default\">Offrir un moment aux Jasses de Camargue <\/h1>\t\t\t\t<\/div>\n\t\t\t\t<\/div>\n\t\t\t\t<\/div>\n\t\t<div class=\"elementor-element elementor-element-1a5680c e-con-full e-flex e-con e-parent\" data-id=\"1a5680c\" data-element_type=\"container\">\n\t\t<div class=\"elementor-element elementor-element-3c987cc e-con-full e-flex e-con e-child\" data-id=\"3c987cc\" data-element_type=\"container\">\n\t\t\t\t<div class=\"elementor-element elementor-element-1f7e17b elementor-widget elementor-widget-heading\" data-id=\"1f7e17b\" data-element_type=\"widget\" data-widget_type=\"heading.default\">\n\t\t\t\t<div class=\"elementor-widget-container\">\n\t\t\t\t\t<h2 class=\"elementor-heading-title elementor-size-default\">Plongez dans l'univers <b>Des Jasses de Camargue<\/b><\/h2>\t\t\t\t<\/div>\n\t\t\t\t<\/div>\n\t\t\t\t<div class=\"elementor-element elementor-element-02f4ebc elementor-widget elementor-widget-text-editor\" data-id=\"02f4ebc\" data-element_type=\"widget\" data-widget_type=\"text-editor.default\">\n\t\t\t\t<div class=\"elementor-widget-container\">\n\t\t\t\t\t\t\t\t\t<div class=\"elementor-element elementor-element-5d5588b e-con-full e-flex e-con e-child\" data-id=\"5d5588b\" data-element_type=\"container\"><div class=\"elementor-element elementor-element-66d1708 elementor-widget elementor-widget-image\" data-id=\"66d1708\" data-element_type=\"widget\" data-widget_type=\"image.default\"><div class=\"elementor-widget-container\"><img fetchpriority=\"high\" decoding=\"async\" class=\"attachment-large size-large wp-image-1277\" src=\"https:\/\/dev.jassesdecamargue.com\/wp-content\/uploads\/2024\/12\/BON-CADEAU-JASSES-DE-CAMARGUE--1024x726.png\" sizes=\"(max-width: 800px) 100vw, 800px\" srcset=\"https:\/\/dev.jassesdecamargue.com\/wp-content\/uploads\/2024\/12\/BON-CADEAU-JASSES-DE-CAMARGUE--1024x726.png 1024w, https:\/\/dev.jassesdecamargue.com\/wp-content\/uploads\/2024\/12\/BON-CADEAU-JASSES-DE-CAMARGUE--300x213.png 300w, https:\/\/dev.jassesdecamargue.com\/wp-content\/uploads\/2024\/12\/BON-CADEAU-JASSES-DE-CAMARGUE--150x106.png 150w, https:\/\/dev.jassesdecamargue.com\/wp-content\/uploads\/2024\/12\/BON-CADEAU-JASSES-DE-CAMARGUE--768x545.png 768w, https:\/\/dev.jassesdecamargue.com\/wp-content\/uploads\/2024\/12\/BON-CADEAU-JASSES-DE-CAMARGUE--1536x1090.png 1536w, https:\/\/dev.jassesdecamargue.com\/wp-content\/uploads\/2024\/12\/BON-CADEAU-JASSES-DE-CAMARGUE-.png 1748w\" alt=\"\" width=\"800\" height=\"567\" \/><\/div><\/div><\/div><div class=\"elementor-element elementor-element-edcecc3 e-con-full e-flex e-con e-child\" data-id=\"edcecc3\" data-element_type=\"container\"><div class=\"elementor-element elementor-element-4e4636b elementor-widget elementor-widget-text-editor\" data-id=\"4e4636b\" data-element_type=\"widget\" data-widget_type=\"text-editor.default\"><div class=\"elementor-widget-container\"><p style=\"text-align: center;\">Offrez une exp\u00e9rience m\u00e9morable au sein des Jasses de Camargue. Choisissez la simplicit\u00e9, le confort et la joie d\u2019un cadeau qui ravira tous les coups de c\u0153ur.<\/p><p style=\"text-align: center;\"><strong>Offrir un bon cadeau, c\u2019est offrir un moment de bonheur.<\/strong><\/p><h4 style=\"text-align: center;\">Pourquoi choisir nos bons cadeaux ?<\/h4><ul style=\"text-align: center;\"><li style=\"text-align: left;\"><strong>Flexibilit\u00e9 totale<\/strong>\u00a0: Le b\u00e9n\u00e9ficiaire choisit ce qui lui pla\u00eet, quand il le souhaite que ce soit au Restaurant, au Spa, \u00e0 l\u2019H\u00f4tel\u2026<\/li><li style=\"text-align: left;\"><strong>Facile \u00e0 utiliser<\/strong>\u00a0: Nos bons cadeaux sont valables 1 an avec un processus simple et rapide.<\/li><li style=\"text-align: left;\"><strong>Personnalisation<\/strong> : Choisissez votre montant et ajoutez un message personnalis\u00e9 pour rendre le cadeau encore plus sp\u00e9cial.*<\/li><\/ul><p>\u00a0<\/p><p style=\"text-align: center;\"><a href=\"https:\/\/dev.jassesdecamargue.com\/recrutement-2\/\">Commandez votre bon cadeau maintenant\u00a0et faites plaisir instantan\u00e9ment !<\/a><\/p><\/div><\/div><\/div>\t\t\t\t\t\t\t\t<\/div>\n\t\t\t\t<\/div>\n\t\t\t\t<\/div>\n\t\t\t\t<\/div>\n\t\t<div class=\"elementor-element elementor-element-da0671d e-flex e-con-boxed e-con e-parent\" data-id=\"da0671d\" data-element_type=\"container\">\n\t\t\t\t\t<div class=\"e-con-inner\">\n\t\t\t\t<div class=\"elementor-element elementor-element-7c850ee elementor-widget elementor-widget-button\" data-id=\"7c850ee\" data-element_type=\"widget\" data-widget_type=\"button.default\">\n\t\t\t\t<div class=\"elementor-widget-container\">\n\t\t\t\t\t\t\t\t\t<div class=\"elementor-button-wrapper\">\n\t\t\t\t\t<a class=\"elementor-button elementor-button-link elementor-size-sm\" href=\"https:\/\/dev.jassesdecamargue.com\/recrutement-2\/\">\n\t\t\t\t\t\t<span class=\"elementor-button-content-wrapper\">\n\t\t\t\t\t\t\t\t\t<span class=\"elementor-button-text\">Commandez votre bon cadeau<\/span>\n\t\t\t\t\t<\/span>\n\t\t\t\t\t<\/a>\n\t\t\t\t<\/div>\n\t\t\t\t\t\t\t\t<\/div>\n\t\t\t\t<\/div>\n\t\t\t\t\t<\/div>\n\t\t\t\t<\/div>\n\t\t\t\t<\/div>\n\t\t","protected":false},"excerpt":{"rendered":"<p>Offrir un moment aux Jasses de Camargue Plongez dans l&rsquo;univers Des Jasses de Camargue Offrez une exp\u00e9rience m\u00e9morable au sein des Jasses de Camargue. Choisissez la simplicit\u00e9, le confort et la joie d\u2019un cadeau qui ravira tous les coups de c\u0153ur. Offrir un bon cadeau, c\u2019est offrir un moment de bonheur. Pourquoi choisir nos bons [&hellip;]<\/p>\n","protected":false},"author":2,"featured_media":0,"parent":0,"menu_order":0,"comment_status":"closed","ping_status":"closed","template":"","meta":{"footnotes":""},"class_list":["post-1281","page","type-page","status-publish","hentry"],"_links":{"self":[{"href":"https:\/\/dev.jassesdecamargue.com\/fr\/wp-json\/wp\/v2\/pages\/1281","targetHints":{"allow":["GET"]}}],"collection":[{"href":"https:\/\/dev.jassesdecamargue.com\/fr\/wp-json\/wp\/v2\/pages"}],"about":[{"href":"https:\/\/dev.jassesdecamargue.com\/fr\/wp-json\/wp\/v2\/types\/page"}],"author":[{"embeddable":true,"href":"https:\/\/dev.jassesdecamargue.com\/fr\/wp-json\/wp\/v2\/users\/2"}],"replies":[{"embeddable":true,"href":"https:\/\/dev.jassesdecamargue.com\/fr\/wp-json\/wp\/v2\/comments?post=1281"}],"version-history":[{"count":37,"href":"https:\/\/dev.jassesdecamargue.com\/fr\/wp-json\/wp\/v2\/pages\/1281\/revisions"}],"predecessor-version":[{"id":1914,"href":"https:\/\/dev.jassesdecamargue.com\/fr\/wp-json\/wp\/v2\/pages\/1281\/revisions\/1914"}],"wp:attachment":[{"href":"https:\/\/dev.jassesdecamargue.com\/fr\/wp-json\/wp\/v2\/media?parent=1281"}],"curies":[{"name":"wp","href":"https:\/\/api.w.org\/{rel}","templated":true}]}}