{"id":1321,"date":"2024-12-19T11:21:23","date_gmt":"2024-12-19T10:21:23","guid":{"rendered":"https:\/\/dev.jassesdecamargue.com\/?page_id=1321"},"modified":"2025-01-27T19:27:29","modified_gmt":"2025-01-27T18:27:29","slug":"petit-dejeuner","status":"publish","type":"page","link":"https:\/\/dev.jassesdecamargue.com\/fr\/petit-dejeuner\/","title":{"rendered":"Petit d\u00e9jeuner"},"content":{"rendered":"\t\t<div data-elementor-type=\"wp-page\" data-elementor-id=\"1321\" class=\"elementor elementor-1321\" data-elementor-post-type=\"page\">\n\t\t\t\t<div class=\"elementor-element elementor-element-fcbba0c e-con-full e-flex e-con e-parent\" data-id=\"fcbba0c\" data-element_type=\"container\" data-settings=\"{&quot;background_background&quot;:&quot;classic&quot;}\">\n\t\t\t\t<div class=\"elementor-element elementor-element-eb23683 elementor-widget elementor-widget-heading\" data-id=\"eb23683\" data-element_type=\"widget\" data-widget_type=\"heading.default\">\n\t\t\t\t<div class=\"elementor-widget-container\">\n\t\t\t\t\t<h1 class=\"elementor-heading-title elementor-size-default\">R\u00e9veil Gourmand aux Jasses de Camargue<\/h1>\t\t\t\t<\/div>\n\t\t\t\t<\/div>\n\t\t\t\t<\/div>\n\t\t<div class=\"elementor-element elementor-element-1a5680c e-con-full e-flex e-con e-parent\" data-id=\"1a5680c\" data-element_type=\"container\">\n\t\t<div class=\"elementor-element elementor-element-3c987cc e-con-full e-flex e-con e-child\" data-id=\"3c987cc\" data-element_type=\"container\">\n\t\t\t\t<div class=\"elementor-element elementor-element-1f7e17b elementor-widget elementor-widget-heading\" data-id=\"1f7e17b\" data-element_type=\"widget\" data-widget_type=\"heading.default\">\n\t\t\t\t<div class=\"elementor-widget-container\">\n\t\t\t\t\t<h2 class=\"elementor-heading-title elementor-size-default\"><br><b>R\u00e9veillez vos papilles avec le petit-d\u00e9jeuner<\/b> des Jasses de Camargue<\/h2>\t\t\t\t<\/div>\n\t\t\t\t<\/div>\n\t\t\t\t<div class=\"elementor-element elementor-element-02f4ebc elementor-widget elementor-widget-text-editor\" data-id=\"02f4ebc\" data-element_type=\"widget\" data-widget_type=\"text-editor.default\">\n\t\t\t\t<div class=\"elementor-widget-container\">\n\t\t\t\t\t\t\t\t\t<p>Imaginez un matin o\u00f9 chaque saveur vous invite \u00e0 commencer la journ\u00e9e du bon pied.<\/p><p>Aux Jasses de Camargue, le petit-d\u00e9jeuner est bien plus qu\u2019un simple repas : c\u2019est une exp\u00e9rience gourmande pens\u00e9e pour \u00e9merveiller vos sens.<\/p><p>\ud83c\udf53 <b>Un buffet g\u00e9n\u00e9reux et vari\u00e9<\/b> vous attend, d\u00e9bordant de produits frais et savoureux. Viennoiseries dor\u00e9es \u00e0 souhait, pains croustillants, confitures artisanales, fruits de saison, et yaourts cr\u00e9meux\u2026 Sans oublier les options sal\u00e9es pour les amateurs de saveurs plus cors\u00e9es : charcuterie fine, fromages r\u00e9gionaux, et \u0153ufs pr\u00e9par\u00e9s selon vos envies.<\/p><p>\u2615 <b>C\u00f4t\u00e9 boissons<\/b>, laissez-vous s\u00e9duire par une tasse de caf\u00e9 fra\u00eechement moulu, un th\u00e9 parfum\u00e9, ou encore un jus de fruits press\u00e9. Chaque gorg\u00e9e est une promesse de douceur pour bien commencer la journ\u00e9e.<\/p><p>\u2728 <b>Une ambiance lumineuse et conviviale<\/b> : installez-vous dans notre salle baign\u00e9e de lumi\u00e8re naturelle, ou profitez de la terrasse pour savourer votre petit-d\u00e9jeuner en plein air, berc\u00e9 par le chant des oiseaux et la s\u00e9r\u00e9nit\u00e9 des lieux.<\/p><p>\ud83d\udece\ufe0f <b>Envie de rester dans votre cocon ?<\/b> Notre service de petit-d\u00e9jeuner en chambre est l\u00e0 pour vous offrir une matin\u00e9e tout en intimit\u00e9.<\/p><p>Aux <b>Jasses de Camargue<\/b>, chaque d\u00e9tail est pens\u00e9 pour transformer votre r\u00e9veil en un moment privil\u00e9gi\u00e9. Que vous soyez de passage pour affaires, pour une escapade romantique ou un s\u00e9jour en famille, laissez ce petit-d\u00e9jeuner marquer le d\u00e9but d\u2019une journ\u00e9e m\u00e9morable.<\/p><p><i>Servi tous les jours de 7h30 \u00e0 10h00 en semaine et week-end. R\u00e9servez d\u00e8s maintenant votre exp\u00e9rience gourmande et commencez votre journ\u00e9e comme vous le m\u00e9ritez.<\/i><\/p><p><b>Bon app\u00e9tit et bienvenue chez nous !<\/b> \ud83e\udd50\u2728<\/p>\t\t\t\t\t\t\t\t<\/div>\n\t\t\t\t<\/div>\n\t\t\t\t<\/div>\n\t\t<div class=\"elementor-element elementor-element-ba8cc74 e-con-full e-flex e-con e-child\" data-id=\"ba8cc74\" data-element_type=\"container\">\n\t\t\t\t<div class=\"elementor-element elementor-element-cf3c8f9 elementor-widget elementor-widget-image\" data-id=\"cf3c8f9\" data-element_type=\"widget\" data-widget_type=\"image.default\">\n\t\t\t\t<div class=\"elementor-widget-container\">\n\t\t\t\t\t\t\t\t\t\t\t\t\t\t\t<img fetchpriority=\"high\" decoding=\"async\" width=\"576\" height=\"1024\" src=\"https:\/\/dev.jassesdecamargue.com\/wp-content\/uploads\/2024\/12\/Petit-dejeuner-jasses-de-camargue-576x1024.png\" class=\"attachment-large size-large wp-image-1328\" alt=\"\" srcset=\"https:\/\/dev.jassesdecamargue.com\/wp-content\/uploads\/2024\/12\/Petit-dejeuner-jasses-de-camargue-576x1024.png 576w, https:\/\/dev.jassesdecamargue.com\/wp-content\/uploads\/2024\/12\/Petit-dejeuner-jasses-de-camargue-169x300.png 169w, https:\/\/dev.jassesdecamargue.com\/wp-content\/uploads\/2024\/12\/Petit-dejeuner-jasses-de-camargue-84x150.png 84w, https:\/\/dev.jassesdecamargue.com\/wp-content\/uploads\/2024\/12\/Petit-dejeuner-jasses-de-camargue-768x1365.png 768w, https:\/\/dev.jassesdecamargue.com\/wp-content\/uploads\/2024\/12\/Petit-dejeuner-jasses-de-camargue-864x1536.png 864w, https:\/\/dev.jassesdecamargue.com\/wp-content\/uploads\/2024\/12\/Petit-dejeuner-jasses-de-camargue.png 1080w\" sizes=\"(max-width: 576px) 100vw, 576px\" \/>\t\t\t\t\t\t\t\t\t\t\t\t\t\t\t<\/div>\n\t\t\t\t<\/div>\n\t\t\t\t<\/div>\n\t\t\t\t<\/div>\n\t\t\t\t<\/div>\n\t\t","protected":false},"excerpt":{"rendered":"<p>R\u00e9veil Gourmand aux Jasses de Camargue R\u00e9veillez vos papilles avec le petit-d\u00e9jeuner des Jasses de Camargue Imaginez un matin o\u00f9 chaque saveur vous invite \u00e0 commencer la journ\u00e9e du bon pied. Aux Jasses de Camargue, le petit-d\u00e9jeuner est bien plus qu\u2019un simple repas : c\u2019est une exp\u00e9rience gourmande pens\u00e9e pour \u00e9merveiller vos sens. \ud83c\udf53 Un [&hellip;]<\/p>\n","protected":false},"author":2,"featured_media":0,"parent":0,"menu_order":0,"comment_status":"closed","ping_status":"closed","template":"","meta":{"footnotes":""},"class_list":["post-1321","page","type-page","status-publish","hentry"],"_links":{"self":[{"href":"https:\/\/dev.jassesdecamargue.com\/fr\/wp-json\/wp\/v2\/pages\/1321","targetHints":{"allow":["GET"]}}],"collection":[{"href":"https:\/\/dev.jassesdecamargue.com\/fr\/wp-json\/wp\/v2\/pages"}],"about":[{"href":"https:\/\/dev.jassesdecamargue.com\/fr\/wp-json\/wp\/v2\/types\/page"}],"author":[{"embeddable":true,"href":"https:\/\/dev.jassesdecamargue.com\/fr\/wp-json\/wp\/v2\/users\/2"}],"replies":[{"embeddable":true,"href":"https:\/\/dev.jassesdecamargue.com\/fr\/wp-json\/wp\/v2\/comments?post=1321"}],"version-history":[{"count":13,"href":"https:\/\/dev.jassesdecamargue.com\/fr\/wp-json\/wp\/v2\/pages\/1321\/revisions"}],"predecessor-version":[{"id":1926,"href":"https:\/\/dev.jassesdecamargue.com\/fr\/wp-json\/wp\/v2\/pages\/1321\/revisions\/1926"}],"wp:attachment":[{"href":"https:\/\/dev.jassesdecamargue.com\/fr\/wp-json\/wp\/v2\/media?parent=1321"}],"curies":[{"name":"wp","href":"https:\/\/api.w.org\/{rel}","templated":true}]}}