{"id":881,"date":"2024-12-03T01:26:14","date_gmt":"2024-12-03T00:26:14","guid":{"rendered":"https:\/\/dev.jassesdecamargue.com\/?page_id=881"},"modified":"2025-03-06T01:23:23","modified_gmt":"2025-03-06T00:23:23","slug":"hebergements","status":"publish","type":"page","link":"https:\/\/dev.jassesdecamargue.com\/fr\/hebergements\/","title":{"rendered":"H\u00e9bergements"},"content":{"rendered":"\t\t<div data-elementor-type=\"wp-page\" data-elementor-id=\"881\" class=\"elementor elementor-881\" data-elementor-post-type=\"page\">\n\t\t\t\t<div class=\"elementor-element elementor-element-fcbba0c e-con-full e-flex e-con e-parent\" data-id=\"fcbba0c\" data-element_type=\"container\" data-settings=\"{&quot;background_background&quot;:&quot;classic&quot;}\">\n\t\t\t\t<div class=\"elementor-element elementor-element-eb23683 elementor-widget elementor-widget-heading\" data-id=\"eb23683\" data-element_type=\"widget\" data-widget_type=\"heading.default\">\n\t\t\t\t<div class=\"elementor-widget-container\">\n\t\t\t\t\t<h1 class=\"elementor-heading-title elementor-size-default\">H\u00e9bergements<\/h1>\t\t\t\t<\/div>\n\t\t\t\t<\/div>\n\t\t\t\t<\/div>\n\t\t<div class=\"elementor-element elementor-element-1a5680c e-con-full e-flex e-con e-parent\" data-id=\"1a5680c\" data-element_type=\"container\">\n\t\t<div class=\"elementor-element elementor-element-3c987cc e-con-full e-flex e-con e-child\" data-id=\"3c987cc\" data-element_type=\"container\">\n\t\t\t\t<div class=\"elementor-element elementor-element-1f7e17b elementor-widget elementor-widget-heading\" data-id=\"1f7e17b\" data-element_type=\"widget\" data-widget_type=\"heading.default\">\n\t\t\t\t<div class=\"elementor-widget-container\">\n\t\t\t\t\t<h2 class=\"elementor-heading-title elementor-size-default\">Succombez au charme de<br><b>Nos H\u00e9bergements<\/b><\/h2>\t\t\t\t<\/div>\n\t\t\t\t<\/div>\n\t\t\t\t<div class=\"elementor-element elementor-element-02f4ebc elementor-widget elementor-widget-text-editor\" data-id=\"02f4ebc\" data-element_type=\"widget\" data-widget_type=\"text-editor.default\">\n\t\t\t\t<div class=\"elementor-widget-container\">\n\t\t\t\t\t\t\t\t\t<p>Aux Jasses de Camargue, plongez au c\u0153ur de l\u2019art de vivre camarguais dans un cadre qui allie authenticit\u00e9 et confort. Nos h\u00e9bergements refl\u00e8tent l\u2019esprit chaleureux et accueillant de notre r\u00e9gion, avec des options adapt\u00e9es \u00e0 tous les s\u00e9jours.<\/p><p>Nous vous proposons un \u00e9ventail de solutions pour votre s\u00e9jour :<\/p><ul><li><p><strong>Des chambres \u00e9l\u00e9gantes et confortables<\/strong>, id\u00e9ales pour une escapade en solo, un s\u00e9jour en amoureux ou un d\u00e9placement professionnel. Vous profiterez d\u2019un cadre paisible et de services attentionn\u00e9s, incluant un service en chambre pour garantir votre intimit\u00e9.<\/p><\/li><li><p><strong>Les Jasses individuelles<\/strong>, de charmantes habitations privatives qui combinent convivialit\u00e9 et ind\u00e9pendance. Parfaites pour les familles ou les groupes d\u2019amis, elles offrent un v\u00e9ritable havre de paix, tout en vous permettant de vous sentir comme chez vous.<\/p><\/li><\/ul><p>Quel que soit votre choix, nous mettons un point d\u2019honneur \u00e0 valoriser le bien-\u00eatre de nos h\u00f4tes gr\u00e2ce \u00e0 des \u00e9quipements modernes et un cadre propice \u00e0 la d\u00e9tente.<\/p><p>Situ\u00e9s entre l\u2019H\u00e9rault et le Gard, Les Jasses de Camargue vous invitent \u00e0 d\u00e9couvrir la douceur de vivre locale, entre nature et tradition. Que ce soit pour une nuit, un week-end ou un plus long s\u00e9jour, nous avons \u00e0 c\u0153ur de vous offrir une exp\u00e9rience m\u00e9morable et authentique.<\/p>\t\t\t\t\t\t\t\t<\/div>\n\t\t\t\t<\/div>\n\t\t\t\t<div class=\"elementor-element elementor-element-2db6d2d elementor-widget elementor-widget-spacer\" data-id=\"2db6d2d\" data-element_type=\"widget\" data-widget_type=\"spacer.default\">\n\t\t\t\t<div class=\"elementor-widget-container\">\n\t\t\t\t\t\t\t<div class=\"elementor-spacer\">\n\t\t\t<div class=\"elementor-spacer-inner\"><\/div>\n\t\t<\/div>\n\t\t\t\t\t\t<\/div>\n\t\t\t\t<\/div>\n\t\t\t\t<\/div>\n\t\t<div class=\"elementor-element elementor-element-ba8cc74 e-con-full e-flex e-con e-child\" data-id=\"ba8cc74\" data-element_type=\"container\">\n\t\t\t\t<div class=\"elementor-element elementor-element-ef35d21 elementor-widget elementor-widget-image\" data-id=\"ef35d21\" data-element_type=\"widget\" data-widget_type=\"image.default\">\n\t\t\t\t<div class=\"elementor-widget-container\">\n\t\t\t\t\t\t\t\t\t\t\t\t\t\t\t<img decoding=\"async\" src=\"https:\/\/medias.elloha.com\/crop-768x576\/fc15c481-a5ca-4ae0-b731-74bbb5bdbb33\/36976024.jpg\" title=\"\" alt=\"\" loading=\"lazy\" \/>\t\t\t\t\t\t\t\t\t\t\t\t\t\t\t<\/div>\n\t\t\t\t<\/div>\n\t\t\t\t<\/div>\n\t\t\t\t<\/div>\n\t\t<div class=\"elementor-element elementor-element-9731b0b e-con-full e-flex e-con e-parent\" data-id=\"9731b0b\" data-element_type=\"container\">\n\t\t<div class=\"elementor-element elementor-element-4200dc9 e-con-full e-flex e-con e-child\" data-id=\"4200dc9\" data-element_type=\"container\">\n\t\t\t\t<div class=\"elementor-element elementor-element-0f2fb7e elementor-widget elementor-widget-heading\" data-id=\"0f2fb7e\" data-element_type=\"widget\" data-widget_type=\"heading.default\">\n\t\t\t\t<div class=\"elementor-widget-container\">\n\t\t\t\t\t<h3 class=\"elementor-heading-title elementor-size-default\">Nos Chambres D'H\u00f4tel<\/h3>\t\t\t\t<\/div>\n\t\t\t\t<\/div>\n\t\t\t\t<div class=\"elementor-element elementor-element-293c57c elementor-widget elementor-widget-text-editor\" data-id=\"293c57c\" data-element_type=\"widget\" data-widget_type=\"text-editor.default\">\n\t\t\t\t<div class=\"elementor-widget-container\">\n\t\t\t\t\t\t\t\t\t<p><strong>Chambre d&rsquo;H\u00f4tel Confortable aux Jasses de Camargue &#8211; S\u00e9jour au c\u0153ur de la nature camarguaise<\/strong><\/p><p>Nos chambres d&rsquo;h\u00f4tel offrent un m\u00e9lange parfait de modernit\u00e9 et d&rsquo;authenticit\u00e9 locale, id\u00e9ales pour un s\u00e9jour d\u00e9tente dans un cadre naturel. Situ\u00e9es au c\u0153ur de la Camargue, elles garantissent une exp\u00e9rience alliant repos et d\u00e9couverte de la r\u00e9gion.<\/p><p><strong>Confort Moderne<\/strong><\/p><p>Chaque chambre est \u00e9quip\u00e9e pour r\u00e9pondre \u00e0 vos besoins :<\/p><ul><li aria-level=\"1\"><p><b>Climatisation<\/b> et <b>Wi-Fi gratuit<\/b> pour un confort optimal.<\/p><\/li><li aria-level=\"1\"><p><b>Lits spacieux<\/b> avec literie de qualit\u00e9 pour un sommeil r\u00e9parateur.<\/p><\/li><li aria-level=\"1\"><p><b>Salle de bain privative<\/b> bien am\u00e9nag\u00e9e.<\/p><\/li><li aria-level=\"1\"><p><b>T\u00e9l\u00e9vision \u00e9cran plat<\/b> pour vos moments de relaxation.<\/p><\/li><\/ul><p><b>Ambiance Authentique<\/b><\/p><p>Le d\u00e9cor s&rsquo;inspire de l&rsquo;\u00e2me camarguaise, avec des touches naturelles et \u00e9l\u00e9gantes. Une attention particuli\u00e8re est port\u00e9e aux d\u00e9tails pour cr\u00e9er une ambiance chaleureuse et apaisante.<\/p><p><b>Options Adapt\u00e9es<\/b><\/p><p>Les chambres se d\u00e9clinent en plusieurs formats pour r\u00e9pondre \u00e0 vos attentes :<\/p><ul><li aria-level=\"1\"><p><b>Standard<\/b> : Parfait pour les couples ou voyageurs en solo.<\/p><\/li><li aria-level=\"1\"><p><b>Familiale<\/b> : Plus spacieuse, adapt\u00e9e aux s\u00e9jours en famille.<\/p><\/li><li aria-level=\"1\"><b>Chambres adapt\u00e9es aux personnes \u00e0 mobilit\u00e9 r\u00e9duite (PMR) : <\/b>Plusieurs chambres sont am\u00e9nag\u00e9es pour les personnes en situation de handicap, avec des acc\u00e8s simplifi\u00e9s, des salles de bain adapt\u00e9es (barres d&rsquo;appui, douche accessible) et une circulation facilit\u00e9e dans la chambre.<\/li><li aria-level=\"1\"><p><b>Sup\u00e9rieure<\/b> ou <b>suite<\/b> : Une touche de luxe pour les occasions sp\u00e9ciales.<\/p><\/li><\/ul><p><b>Proximit\u00e9 avec la Nature<\/b><\/p><p>Id\u00e9alement situ\u00e9es, les chambres permettent un acc\u00e8s facile aux activit\u00e9s locales :<\/p><ul><li aria-level=\"1\"><p>Balades \u00e0 cheval, randonn\u00e9es, ou d\u00e9couvertes des flamants roses.<\/p><\/li><li aria-level=\"1\"><p>Proximit\u00e9 des plages m\u00e9diterran\u00e9ennes et des sites historiques.<\/p><\/li><li aria-level=\"1\"><p>d\u00e9couverte des manades, des oiseaux migrateurs et de leurs traditions camarguaises.<\/p><\/li><\/ul><p>R\u00e9servez d\u00e8s maintenant pour un s\u00e9jour inoubliable aux Jasses de Camargue, et plongez dans l&rsquo;authenticit\u00e9 et la beaut\u00e9 naturelle de la r\u00e9gion !<\/p>\t\t\t\t\t\t\t\t<\/div>\n\t\t\t\t<\/div>\n\t\t\t\t<\/div>\n\t\t<div class=\"elementor-element elementor-element-47f3564 e-flex e-con-boxed e-con e-child\" data-id=\"47f3564\" data-element_type=\"container\">\n\t\t\t\t\t<div class=\"e-con-inner\">\n\t\t\t\t<div class=\"elementor-element elementor-element-978ca3c elementor-widget elementor-widget-image\" data-id=\"978ca3c\" data-element_type=\"widget\" data-widget_type=\"image.default\">\n\t\t\t\t<div class=\"elementor-widget-container\">\n\t\t\t\t\t\t\t\t\t\t\t\t\t\t\t<img fetchpriority=\"high\" decoding=\"async\" width=\"683\" height=\"1024\" src=\"https:\/\/dev.jassesdecamargue.com\/wp-content\/uploads\/2024\/12\/Chambre-hotel-les-jasses-683x1024.png\" class=\"attachment-large size-large wp-image-1229\" alt=\"\" srcset=\"https:\/\/dev.jassesdecamargue.com\/wp-content\/uploads\/2024\/12\/Chambre-hotel-les-jasses-683x1024.png 683w, https:\/\/dev.jassesdecamargue.com\/wp-content\/uploads\/2024\/12\/Chambre-hotel-les-jasses-200x300.png 200w, https:\/\/dev.jassesdecamargue.com\/wp-content\/uploads\/2024\/12\/Chambre-hotel-les-jasses-100x150.png 100w, https:\/\/dev.jassesdecamargue.com\/wp-content\/uploads\/2024\/12\/Chambre-hotel-les-jasses-768x1152.png 768w, https:\/\/dev.jassesdecamargue.com\/wp-content\/uploads\/2024\/12\/Chambre-hotel-les-jasses.png 1000w\" sizes=\"(max-width: 683px) 100vw, 683px\" \/>\t\t\t\t\t\t\t\t\t\t\t\t\t\t\t<\/div>\n\t\t\t\t<\/div>\n\t\t\t\t\t<\/div>\n\t\t\t\t<\/div>\n\t\t\t\t<\/div>\n\t\t<div class=\"elementor-element elementor-element-b0edf26 e-flex e-con-boxed e-con e-parent\" data-id=\"b0edf26\" data-element_type=\"container\">\n\t\t\t\t\t<div class=\"e-con-inner\">\n\t\t\t\t<div class=\"elementor-element elementor-element-e740324 elementor-widget elementor-widget-spacer\" data-id=\"e740324\" data-element_type=\"widget\" data-widget_type=\"spacer.default\">\n\t\t\t\t<div class=\"elementor-widget-container\">\n\t\t\t\t\t\t\t<div class=\"elementor-spacer\">\n\t\t\t<div class=\"elementor-spacer-inner\"><\/div>\n\t\t<\/div>\n\t\t\t\t\t\t<\/div>\n\t\t\t\t<\/div>\n\t\t\t\t\t<\/div>\n\t\t\t\t<\/div>\n\t\t<div class=\"elementor-element elementor-element-42f3470 e-con-full e-flex e-con e-parent\" data-id=\"42f3470\" data-element_type=\"container\">\n\t\t<div class=\"elementor-element elementor-element-0559cac e-con-full e-flex e-con e-child\" data-id=\"0559cac\" data-element_type=\"container\">\n\t\t\t\t<div class=\"elementor-element elementor-element-c094790 elementor-widget elementor-widget-heading\" data-id=\"c094790\" data-element_type=\"widget\" data-widget_type=\"heading.default\">\n\t\t\t\t<div class=\"elementor-widget-container\">\n\t\t\t\t\t<h3 class=\"elementor-heading-title elementor-size-default\">Nos Jasses de Camargue<\/h3>\t\t\t\t<\/div>\n\t\t\t\t<\/div>\n\t\t\t\t<div class=\"elementor-element elementor-element-4a34671 elementor-widget elementor-widget-text-editor\" data-id=\"4a34671\" data-element_type=\"widget\" data-widget_type=\"text-editor.default\">\n\t\t\t\t<div class=\"elementor-widget-container\">\n\t\t\t\t\t\t\t\t\t<p><b>Les r\u00e9sidences des Jasses de Camargue<\/b> offrent un cadre id\u00e9al pour un s\u00e9jour en Camargue, alliant confort et proximit\u00e9 avec la nature. Situ\u00e9es \u00e0 proximit\u00e9 des plages et de la r\u00e9serve naturelle.<\/p><p>Ces r\u00e9sidences proposent appartements modernes et spacieux, parfaitement \u00e9quip\u00e9s pour accueillir :\u00a0<\/p><ul><li aria-level=\"1\">\u00a0Familles<\/li><li aria-level=\"1\">Couples\u00a0<\/li><li aria-level=\"1\">Groupes d&rsquo;amis<\/li><\/ul><p>\u00a0Chaque logement dispose de<\/p><ul><li aria-level=\"1\">Chambres climatis\u00e9es,\u00a0<\/li><li aria-level=\"1\">Une cuisine enti\u00e8rement \u00e9quip\u00e9e<\/li><li aria-level=\"1\">Un salon lumineux.<\/li><\/ul><p>Les r\u00e9sidences sont con\u00e7ues pour garantir une exp\u00e9rience agr\u00e9able, avec des terrasses priv\u00e9es ou des balcons permettant de profiter de la vue sur la nature environnante.\u00a0<\/p><p>Les installations comprennent une piscine ext\u00e9rieure, id\u00e9ale pour se d\u00e9tendre apr\u00e8s une journ\u00e9e de d\u00e9couvertes, ainsi qu&rsquo;un parc arbor\u00e9 o\u00f9 les visiteurs peuvent se ressourcer.<\/p><p>L&#8217;emplacement central des Jasses de Camargue permet d&rsquo;explorer facilement les c\u00e9l\u00e8bres paysages camarguais, avec des activit\u00e9s telles que des promenades \u00e0 cheval, des balades en bateau ou des excursions pour observer la faune locale, notamment les flamants roses. C\u2019est un lieu de vacances parfait pour ceux en qu\u00eate de d\u00e9tente, de nature et d&rsquo;aventure.<\/p>\t\t\t\t\t\t\t\t<\/div>\n\t\t\t\t<\/div>\n\t\t\t\t<\/div>\n\t\t<div class=\"elementor-element elementor-element-8dac2ba e-flex e-con-boxed e-con e-child\" data-id=\"8dac2ba\" data-element_type=\"container\">\n\t\t\t\t\t<div class=\"e-con-inner\">\n\t\t\t\t<div class=\"elementor-element elementor-element-d9962df elementor-widget elementor-widget-image\" data-id=\"d9962df\" data-element_type=\"widget\" data-widget_type=\"image.default\">\n\t\t\t\t<div class=\"elementor-widget-container\">\n\t\t\t\t\t\t\t\t\t\t\t\t\t\t\t<img decoding=\"async\" width=\"683\" height=\"1024\" src=\"https:\/\/dev.jassesdecamargue.com\/wp-content\/uploads\/2024\/12\/Residence-jasses-de-camargue-683x1024.png\" class=\"attachment-large size-large wp-image-1258\" alt=\"\" srcset=\"https:\/\/dev.jassesdecamargue.com\/wp-content\/uploads\/2024\/12\/Residence-jasses-de-camargue-683x1024.png 683w, https:\/\/dev.jassesdecamargue.com\/wp-content\/uploads\/2024\/12\/Residence-jasses-de-camargue-200x300.png 200w, https:\/\/dev.jassesdecamargue.com\/wp-content\/uploads\/2024\/12\/Residence-jasses-de-camargue-100x150.png 100w, https:\/\/dev.jassesdecamargue.com\/wp-content\/uploads\/2024\/12\/Residence-jasses-de-camargue-768x1152.png 768w, https:\/\/dev.jassesdecamargue.com\/wp-content\/uploads\/2024\/12\/Residence-jasses-de-camargue-1024x1536.png 1024w, https:\/\/dev.jassesdecamargue.com\/wp-content\/uploads\/2024\/12\/Residence-jasses-de-camargue.png 1167w\" sizes=\"(max-width: 683px) 100vw, 683px\" \/>\t\t\t\t\t\t\t\t\t\t\t\t\t\t\t<\/div>\n\t\t\t\t<\/div>\n\t\t\t\t\t<\/div>\n\t\t\t\t<\/div>\n\t\t\t\t<\/div>\n\t\t\t\t<\/div>\n\t\t","protected":false},"excerpt":{"rendered":"<p>H\u00e9bergements Succombez au charme deNos H\u00e9bergements Aux Jasses de Camargue, plongez au c\u0153ur de l\u2019art de vivre camarguais dans un cadre qui allie authenticit\u00e9 et confort. Nos h\u00e9bergements refl\u00e8tent l\u2019esprit chaleureux et accueillant de notre r\u00e9gion, avec des options adapt\u00e9es \u00e0 tous les s\u00e9jours. Nous vous proposons un \u00e9ventail de solutions pour votre s\u00e9jour : [&hellip;]<\/p>\n","protected":false},"author":1,"featured_media":0,"parent":0,"menu_order":0,"comment_status":"closed","ping_status":"closed","template":"","meta":{"footnotes":""},"class_list":["post-881","page","type-page","status-publish","hentry"],"_links":{"self":[{"href":"https:\/\/dev.jassesdecamargue.com\/fr\/wp-json\/wp\/v2\/pages\/881","targetHints":{"allow":["GET"]}}],"collection":[{"href":"https:\/\/dev.jassesdecamargue.com\/fr\/wp-json\/wp\/v2\/pages"}],"about":[{"href":"https:\/\/dev.jassesdecamargue.com\/fr\/wp-json\/wp\/v2\/types\/page"}],"author":[{"embeddable":true,"href":"https:\/\/dev.jassesdecamargue.com\/fr\/wp-json\/wp\/v2\/users\/1"}],"replies":[{"embeddable":true,"href":"https:\/\/dev.jassesdecamargue.com\/fr\/wp-json\/wp\/v2\/comments?post=881"}],"version-history":[{"count":136,"href":"https:\/\/dev.jassesdecamargue.com\/fr\/wp-json\/wp\/v2\/pages\/881\/revisions"}],"predecessor-version":[{"id":2149,"href":"https:\/\/dev.jassesdecamargue.com\/fr\/wp-json\/wp\/v2\/pages\/881\/revisions\/2149"}],"wp:attachment":[{"href":"https:\/\/dev.jassesdecamargue.com\/fr\/wp-json\/wp\/v2\/media?parent=881"}],"curies":[{"name":"wp","href":"https:\/\/api.w.org\/{rel}","templated":true}]}}