{"id":883,"date":"2024-12-03T01:26:35","date_gmt":"2024-12-03T00:26:35","guid":{"rendered":"https:\/\/dev.jassesdecamargue.com\/?page_id=883"},"modified":"2025-02-21T22:30:30","modified_gmt":"2025-02-21T21:30:30","slug":"seminaires","status":"publish","type":"page","link":"https:\/\/dev.jassesdecamargue.com\/fr\/seminaires\/","title":{"rendered":"S\u00e9minaires"},"content":{"rendered":"\t\t<div data-elementor-type=\"wp-page\" data-elementor-id=\"883\" class=\"elementor elementor-883\" data-elementor-post-type=\"page\">\n\t\t\t\t<div class=\"elementor-element elementor-element-fcbba0c e-con-full e-flex e-con e-parent\" data-id=\"fcbba0c\" data-element_type=\"container\" data-settings=\"{&quot;background_background&quot;:&quot;classic&quot;}\">\n\t\t\t\t<div class=\"elementor-element elementor-element-eb23683 elementor-widget elementor-widget-heading\" data-id=\"eb23683\" data-element_type=\"widget\" data-widget_type=\"heading.default\">\n\t\t\t\t<div class=\"elementor-widget-container\">\n\t\t\t\t\t<h1 class=\"elementor-heading-title elementor-size-default\">S\u00e9minaires<\/h1>\t\t\t\t<\/div>\n\t\t\t\t<\/div>\n\t\t\t\t<\/div>\n\t\t<div class=\"elementor-element elementor-element-1a5680c e-con-full e-flex e-con e-parent\" data-id=\"1a5680c\" data-element_type=\"container\">\n\t\t<div class=\"elementor-element elementor-element-3c987cc e-con-full e-flex e-con e-child\" data-id=\"3c987cc\" data-element_type=\"container\">\n\t\t\t\t<div class=\"elementor-element elementor-element-1f7e17b elementor-widget elementor-widget-heading\" data-id=\"1f7e17b\" data-element_type=\"widget\" data-widget_type=\"heading.default\">\n\t\t\t\t<div class=\"elementor-widget-container\">\n\t\t\t\t\t<h2 class=\"elementor-heading-title elementor-size-default\">Profitez de notre service<br><b>R\u00e9ception &amp; S\u00e9minaires<\/b><\/h2>\t\t\t\t<\/div>\n\t\t\t\t<\/div>\n\t\t\t\t<div class=\"elementor-element elementor-element-02f4ebc elementor-widget elementor-widget-text-editor\" data-id=\"02f4ebc\" data-element_type=\"widget\" data-widget_type=\"text-editor.default\">\n\t\t\t\t<div class=\"elementor-widget-container\">\n\t\t\t\t\t\t\t\t\t<p>Vous cherchez un lieu unique pour vos s\u00e9minaires ou \u00e9v\u00e9nements priv\u00e9s ?\u00a0<\/p><p>Les Jasses de Camargue offrent un cadre id\u00e9al, fonctionnel et chaleureux, adapt\u00e9 \u00e0 tous vos besoins.<\/p><p><em><strong>Nos espaces disponibles :<\/strong><\/em><\/p><p><b>Grande Salle de S\u00e9minaire (200 m\u00b2)<\/b><\/p><p>Capacit\u00e9 :<\/p><ul><li aria-level=\"1\">Jusqu&rsquo;\u00e0 200 personnes en th\u00e9\u00e2tre ou cocktail<\/li><li aria-level=\"1\">150 personnes assises<\/li><li aria-level=\"1\">40 personnes en disposition \u00ab\u00a0U\u00a0\u00bb<\/li><li aria-level=\"1\">70 personnes en configuration classe<\/li><\/ul><p>\u00a0<\/p><p>Parfaite pour : s\u00e9minaires, conf\u00e9rences, banquets, mariages<\/p><p>\u00c9quipements : lumineuse, moderne, Wi-Fi haut d\u00e9bit<\/p><p>\u00a0<\/p><p><b>Petite Salle de S\u00e9minaire (22 m\u00b2)<\/b><\/p><p>Capacit\u00e9 :\u00a0<\/p><ul><li aria-level=\"1\">jusqu\u2019\u00e0 10 participants<\/li><li aria-level=\"1\">Id\u00e9ale pour : r\u00e9unions intimistes, ateliers, brainstorming<\/li><li aria-level=\"1\">Atouts : atmosph\u00e8re calme, lumi\u00e8re naturelle, Wi-Fi<\/li><\/ul><p>\u00a0<\/p><p><em><b>Vos avantages :<\/b><\/em><\/p><ul><li aria-level=\"1\"><b>Espaces lumineux et confortables<\/b> attenants au patio, bar et restaurant.<\/li><li aria-level=\"1\"><b>H\u00e9bergement sur place<\/b> : chambres d\u2019h\u00f4tel et villas dans un cadre verdoyant.<\/li><li aria-level=\"1\"><b>Services sur mesure<\/b> : assistance logistique et am\u00e9nagement personnalis\u00e9.<\/li><\/ul><p>\u00a0<\/p><p>Faites de vos \u00e9v\u00e9nements une r\u00e9ussite dans un environnement propice \u00e0 la concentration et \u00e0 la convivialit\u00e9.<\/p><p>\u00a0<\/p><p><b>Contactez-nous<\/b> d\u00e8s maintenant au <b>04 66 80 64 00<\/b> pour organiser votre \u00e9v\u00e9nement personnalis\u00e9.<\/p>\t\t\t\t\t\t\t\t<\/div>\n\t\t\t\t<\/div>\n\t\t\t\t<\/div>\n\t\t\t\t<div class=\"elementor-element elementor-element-8ed0f56 elementor--h-position-center elementor--v-position-middle elementor-arrows-position-inside elementor-pagination-position-inside elementor-widget elementor-widget-slides\" data-id=\"8ed0f56\" data-element_type=\"widget\" data-settings=\"{&quot;navigation&quot;:&quot;both&quot;,&quot;autoplay&quot;:&quot;yes&quot;,&quot;pause_on_hover&quot;:&quot;yes&quot;,&quot;pause_on_interaction&quot;:&quot;yes&quot;,&quot;autoplay_speed&quot;:5000,&quot;infinite&quot;:&quot;yes&quot;,&quot;transition&quot;:&quot;slide&quot;,&quot;transition_speed&quot;:500}\" data-widget_type=\"slides.default\">\n\t\t\t\t<div class=\"elementor-widget-container\">\n\t\t\t\t\t\t\t<div class=\"elementor-swiper\">\n\t\t\t<div class=\"elementor-slides-wrapper elementor-main-swiper swiper\" dir=\"ltr\" data-animation=\"\">\n\t\t\t\t<div class=\"swiper-wrapper elementor-slides\">\n\t\t\t\t\t\t\t\t\t\t<div class=\"elementor-repeater-item-474ee14 swiper-slide\"><div class=\"swiper-slide-bg\" role=\"img\"><\/div><div class=\"swiper-slide-inner\" ><div class=\"swiper-slide-contents\"><\/div><\/div><\/div><div class=\"elementor-repeater-item-70b97ba swiper-slide\"><div class=\"swiper-slide-bg\" role=\"img\"><\/div><div class=\"swiper-slide-inner\" ><div class=\"swiper-slide-contents\"><\/div><\/div><\/div>\t\t\t\t<\/div>\n\t\t\t\t\t\t\t\t\t\t\t\t\t\t\t<div class=\"swiper-pagination\"><\/div>\n\t\t\t\t\t\t\t\t\t\t\t\t\t\t\t\t<div class=\"elementor-swiper-button elementor-swiper-button-prev\" role=\"button\" tabindex=\"0\">\n\t\t\t\t\t\t\t<svg aria-hidden=\"true\" class=\"e-font-icon-svg e-eicon-chevron-left\" viewBox=\"0 0 1000 1000\" xmlns=\"http:\/\/www.w3.org\/2000\/svg\"><path d=\"M646 125C629 125 613 133 604 142L308 442C296 454 292 471 292 487 292 504 296 521 308 533L604 854C617 867 629 875 646 875 663 875 679 871 692 858 704 846 713 829 713 812 713 796 708 779 692 767L438 487 692 225C700 217 708 204 708 187 708 171 704 154 692 142 675 129 663 125 646 125Z\"><\/path><\/svg>\t\t\t\t\t\t\t<span class=\"elementor-screen-only\">Diapositive pr\u00e9c\u00e9dente<\/span>\n\t\t\t\t\t\t<\/div>\n\t\t\t\t\t\t<div class=\"elementor-swiper-button elementor-swiper-button-next\" role=\"button\" tabindex=\"0\">\n\t\t\t\t\t\t\t<svg aria-hidden=\"true\" class=\"e-font-icon-svg e-eicon-chevron-right\" viewBox=\"0 0 1000 1000\" xmlns=\"http:\/\/www.w3.org\/2000\/svg\"><path d=\"M696 533C708 521 713 504 713 487 713 471 708 454 696 446L400 146C388 133 375 125 354 125 338 125 325 129 313 142 300 154 292 171 292 187 292 204 296 221 308 233L563 492 304 771C292 783 288 800 288 817 288 833 296 850 308 863 321 871 338 875 354 875 371 875 388 867 400 854L696 533Z\"><\/path><\/svg>\t\t\t\t\t\t\t<span class=\"elementor-screen-only\">Diapositive suivante<\/span>\n\t\t\t\t\t\t<\/div>\n\t\t\t\t\t\t\t\t\t\t\t\t<\/div>\n\t\t<\/div>\n\t\t\t\t\t\t<\/div>\n\t\t\t\t<\/div>\n\t\t\t\t<\/div>\n\t\t\t\t<\/div>\n\t\t","protected":false},"excerpt":{"rendered":"<p>Vous cherchez un lieu unique pour vos s\u00e9minaires ou \u00e9v\u00e9nements priv\u00e9s ? <\/p>\n<p>Les Jasses de Camargue offrent un cadre id\u00e9al, fonctionnel et chaleureux, adapt\u00e9 \u00e0 tous vos besoins.<\/p>\n","protected":false},"author":1,"featured_media":0,"parent":0,"menu_order":0,"comment_status":"closed","ping_status":"closed","template":"","meta":{"footnotes":""},"class_list":["post-883","page","type-page","status-publish","hentry"],"_links":{"self":[{"href":"https:\/\/dev.jassesdecamargue.com\/fr\/wp-json\/wp\/v2\/pages\/883","targetHints":{"allow":["GET"]}}],"collection":[{"href":"https:\/\/dev.jassesdecamargue.com\/fr\/wp-json\/wp\/v2\/pages"}],"about":[{"href":"https:\/\/dev.jassesdecamargue.com\/fr\/wp-json\/wp\/v2\/types\/page"}],"author":[{"embeddable":true,"href":"https:\/\/dev.jassesdecamargue.com\/fr\/wp-json\/wp\/v2\/users\/1"}],"replies":[{"embeddable":true,"href":"https:\/\/dev.jassesdecamargue.com\/fr\/wp-json\/wp\/v2\/comments?post=883"}],"version-history":[{"count":40,"href":"https:\/\/dev.jassesdecamargue.com\/fr\/wp-json\/wp\/v2\/pages\/883\/revisions"}],"predecessor-version":[{"id":2144,"href":"https:\/\/dev.jassesdecamargue.com\/fr\/wp-json\/wp\/v2\/pages\/883\/revisions\/2144"}],"wp:attachment":[{"href":"https:\/\/dev.jassesdecamargue.com\/fr\/wp-json\/wp\/v2\/media?parent=883"}],"curies":[{"name":"wp","href":"https:\/\/api.w.org\/{rel}","templated":true}]}}