{"id":885,"date":"2024-12-03T01:25:34","date_gmt":"2024-12-03T00:25:34","guid":{"rendered":"https:\/\/dev.jassesdecamargue.com\/?page_id=885"},"modified":"2025-05-19T20:31:20","modified_gmt":"2025-05-19T18:31:20","slug":"notre-spa","status":"publish","type":"page","link":"https:\/\/dev.jassesdecamargue.com\/fr\/notre-spa\/","title":{"rendered":"Spa"},"content":{"rendered":"\t\t<div data-elementor-type=\"wp-page\" data-elementor-id=\"885\" class=\"elementor elementor-885\" data-elementor-post-type=\"page\">\n\t\t\t\t<div class=\"elementor-element elementor-element-fcbba0c e-con-full e-flex e-con e-parent\" data-id=\"fcbba0c\" data-element_type=\"container\" data-settings=\"{&quot;background_background&quot;:&quot;classic&quot;}\">\n\t\t\t\t<div class=\"elementor-element elementor-element-eb23683 elementor-widget elementor-widget-heading\" data-id=\"eb23683\" data-element_type=\"widget\" data-widget_type=\"heading.default\">\n\t\t\t\t<div class=\"elementor-widget-container\">\n\t\t\t\t\t<h1 class=\"elementor-heading-title elementor-size-default\">Notre Espace Bien-\u00catre<\/h1>\t\t\t\t<\/div>\n\t\t\t\t<\/div>\n\t\t\t\t<\/div>\n\t\t<div class=\"elementor-element elementor-element-1a5680c e-con-full e-flex e-con e-parent\" data-id=\"1a5680c\" data-element_type=\"container\">\n\t\t<div class=\"elementor-element elementor-element-3c987cc e-con-full e-flex e-con e-child\" data-id=\"3c987cc\" data-element_type=\"container\">\n\t\t\t\t<div class=\"elementor-element elementor-element-1f7e17b elementor-widget elementor-widget-heading\" data-id=\"1f7e17b\" data-element_type=\"widget\" data-widget_type=\"heading.default\">\n\t\t\t\t<div class=\"elementor-widget-container\">\n\t\t\t\t\t<h2 class=\"elementor-heading-title elementor-size-default\">EN TRAVAUX...<\/h2>\t\t\t\t<\/div>\n\t\t\t\t<\/div>\n\t\t\t\t<\/div>\n\t\t\t\t<div class=\"elementor-element elementor-element-02f4ebc elementor-widget elementor-widget-text-editor\" data-id=\"02f4ebc\" data-element_type=\"widget\" data-widget_type=\"text-editor.default\">\n\t\t\t\t<div class=\"elementor-widget-container\">\n\t\t\t\t\t\t\t\t\t<p data-start=\"161\" data-end=\"228\"><strong data-start=\"161\" data-end=\"228\">Information importante \u2013 Espace Spa temporairement indisponible<\/strong><\/p><p data-start=\"230\" data-end=\"395\">Nous sommes au regret de vous informer qu\u2019un incendie a endommag\u00e9 notre espace Spa. En raison de cet incident, le Spa est malheureusement ferm\u00e9 jusqu\u2019\u00e0 nouvel ordre.<\/p><p data-start=\"397\" data-end=\"569\">Nous mettons tout en \u0153uvre pour r\u00e9tablir ce service dans les meilleures conditions possibles, mais \u00e0 ce jour, nous ne pouvons pas encore communiquer de date de r\u00e9ouverture.<\/p><p>\u00a0<\/p><p data-start=\"571\" data-end=\"722\">Nous vous remercions pour votre compr\u00e9hension et votre soutien en cette p\u00e9riode difficile. Pour toute question, notre \u00e9quipe reste \u00e0 votre disposition.<\/p><p>\u00a0<\/p>\t\t\t\t\t\t\t\t<\/div>\n\t\t\t\t<\/div>\n\t\t<div class=\"elementor-element elementor-element-ba8cc74 e-con-full e-flex e-con e-child\" data-id=\"ba8cc74\" data-element_type=\"container\">\n\t\t\t\t<\/div>\n\t\t\t\t<\/div>\n\t\t\t\t<\/div>\n\t\t","protected":false},"excerpt":{"rendered":"<p>Plongez dans un univers de d\u00e9tente et de s\u00e9r\u00e9nit\u00e9 au spa de l\u2019H\u00f4tel Les Jasses de Camargue. Profitez d\u2019un espace complet d\u00e9di\u00e9 au bien-\u00eatre, avec sauna, hammam, jacuzzi, et bient\u00f4t l\u2019ouverture d\u2019une piscine int\u00e9rieure chauff\u00e9e.<\/p>\n","protected":false},"author":1,"featured_media":0,"parent":0,"menu_order":0,"comment_status":"closed","ping_status":"closed","template":"","meta":{"footnotes":""},"class_list":["post-885","page","type-page","status-publish","hentry"],"_links":{"self":[{"href":"https:\/\/dev.jassesdecamargue.com\/fr\/wp-json\/wp\/v2\/pages\/885","targetHints":{"allow":["GET"]}}],"collection":[{"href":"https:\/\/dev.jassesdecamargue.com\/fr\/wp-json\/wp\/v2\/pages"}],"about":[{"href":"https:\/\/dev.jassesdecamargue.com\/fr\/wp-json\/wp\/v2\/types\/page"}],"author":[{"embeddable":true,"href":"https:\/\/dev.jassesdecamargue.com\/fr\/wp-json\/wp\/v2\/users\/1"}],"replies":[{"embeddable":true,"href":"https:\/\/dev.jassesdecamargue.com\/fr\/wp-json\/wp\/v2\/comments?post=885"}],"version-history":[{"count":54,"href":"https:\/\/dev.jassesdecamargue.com\/fr\/wp-json\/wp\/v2\/pages\/885\/revisions"}],"predecessor-version":[{"id":2213,"href":"https:\/\/dev.jassesdecamargue.com\/fr\/wp-json\/wp\/v2\/pages\/885\/revisions\/2213"}],"wp:attachment":[{"href":"https:\/\/dev.jassesdecamargue.com\/fr\/wp-json\/wp\/v2\/media?parent=885"}],"curies":[{"name":"wp","href":"https:\/\/api.w.org\/{rel}","templated":true}]}}