{"id":887,"date":"2024-12-03T01:26:26","date_gmt":"2024-12-03T00:26:26","guid":{"rendered":"https:\/\/dev.jassesdecamargue.com\/?page_id=887"},"modified":"2025-03-06T01:27:17","modified_gmt":"2025-03-06T00:27:17","slug":"activites","status":"publish","type":"page","link":"https:\/\/dev.jassesdecamargue.com\/fr\/activites\/","title":{"rendered":"Activit\u00e9s"},"content":{"rendered":"\t\t<div data-elementor-type=\"wp-page\" data-elementor-id=\"887\" class=\"elementor elementor-887\" data-elementor-post-type=\"page\">\n\t\t\t\t<div class=\"elementor-element elementor-element-fcbba0c e-con-full e-flex e-con e-parent\" data-id=\"fcbba0c\" data-element_type=\"container\" data-settings=\"{&quot;background_background&quot;:&quot;classic&quot;}\">\n\t\t\t\t<div class=\"elementor-element elementor-element-eb23683 elementor-widget elementor-widget-heading\" data-id=\"eb23683\" data-element_type=\"widget\" data-widget_type=\"heading.default\">\n\t\t\t\t<div class=\"elementor-widget-container\">\n\t\t\t\t\t<h1 class=\"elementor-heading-title elementor-size-default\">Activit\u00e9s<\/h1>\t\t\t\t<\/div>\n\t\t\t\t<\/div>\n\t\t\t\t<\/div>\n\t\t<div class=\"elementor-element elementor-element-1a5680c e-con-full e-flex e-con e-parent\" data-id=\"1a5680c\" data-element_type=\"container\">\n\t\t<div class=\"elementor-element elementor-element-3c987cc e-con-full e-flex e-con e-child\" data-id=\"3c987cc\" data-element_type=\"container\">\n\t\t\t\t<div class=\"elementor-element elementor-element-1f7e17b elementor-widget elementor-widget-heading\" data-id=\"1f7e17b\" data-element_type=\"widget\" data-widget_type=\"heading.default\">\n\t\t\t\t<div class=\"elementor-widget-container\">\n\t\t\t\t\t<h2 class=\"elementor-heading-title elementor-size-default\">D\u00e9couvrez les activit\u00e9s incontournables aux <br><b>Jasses de Camargue et en Petite Camargue<\/b><\/h2>\t\t\t\t<\/div>\n\t\t\t\t<\/div>\n\t\t\t\t<div class=\"elementor-element elementor-element-02f4ebc elementor-widget elementor-widget-text-editor\" data-id=\"02f4ebc\" data-element_type=\"widget\" data-widget_type=\"text-editor.default\">\n\t\t\t\t<div class=\"elementor-widget-container\">\n\t\t\t\t\t\t\t\t\t<p>Plongez au c\u0153ur d\u2019une exp\u00e9rience unique en Camargue, alliant d\u00e9tente, aventure et d\u00e9couvertes culturelles.<\/p><p>Situ\u00e9 dans un cadre naturel exceptionnel, Les Jasses de Camargue sont le point de d\u00e9part id\u00e9al pour des vacances m\u00ealant bien-\u00eatre, nature sauvage et traditions locales.<\/p><p>\u00a0<\/p><p><em><b>Activit\u00e9s sur place : Spa et loisirs en Camargue<\/b><\/em><\/p><ul><li aria-level=\"1\"><b>Espace Spa et d\u00e9tente<\/b> : Offrez-vous un moment de relaxation dans notre espace bien-\u00eatre, \u00e9quip\u00e9 d\u2019un jacuzzi, d\u2019un sauna et d\u2019un hammam. Parfait pour d\u00e9connecter en toute s\u00e9r\u00e9nit\u00e9.<\/li><li aria-level=\"1\"><b>Piscine ext\u00e9rieure ensoleill\u00e9e<\/b> : Id\u00e9ale pour se rafra\u00eechir en famille ou entre amis, avec le charme du climat camarguais (gratuit).<\/li><li aria-level=\"1\"><b>Aires de loisirs<\/b> : Profitez de nos installations pour vous divertir ou simplement vous d\u00e9tendre dans un environnement convivial et apaisant.<\/li><\/ul><p>\u00a0<\/p><p><em><b>\u00a0D\u00e9couvertes autour des Jasses : Explorez la Camargue sauvage<\/b><\/em><\/p><ul><li><strong>Observation des oiseaux migrateurs<\/strong> : La Camargue est un paradis pour les ornithologues ! Admirez les flamants roses, h\u00e9rons, et autres esp\u00e8ces fascinantes dans leur habitat naturel.<\/li><li aria-level=\"1\"><b>Excursions en 4&#215;4 ou \u00e0 cheval en Camargue<\/b> : Traversez les paysages embl\u00e9matiques de la r\u00e9gion \u2014 marais, rizi\u00e8res et \u00e9tangs peupl\u00e9s de flamants roses. Une exp\u00e9rience immersive au plus pr\u00e8s de la nature.<\/li><li aria-level=\"1\"><b>Balades en bateau sur le Rh\u00f4ne<\/b> : Explorez la Camargue depuis l\u2019eau et d\u00e9couvrez sa faune et sa flore uniques.<\/li><li aria-level=\"1\"><b>Traditions locales<\/b> : Assistez \u00e0 des spectacles de taureaux camarguais ou visitez une manade pour en apprendre davantage sur les gardians et leur mode de vie.<\/li><\/ul><p>\u00a0<\/p><p><em><b>Sites embl\u00e9matiques \u00e0 proximit\u00e9<\/b><\/em><\/p><ul><li aria-level=\"1\"><b>Les Saintes-Maries-de-la-Mer<\/b> : Ce village embl\u00e9matique, entre plages et traditions gitanes, est un incontournable de vos vacances en Camargue.<\/li><li aria-level=\"1\"><b>Aigues-Mortes et ses remparts m\u00e9di\u00e9vaux<\/b> : Plongez dans l\u2019histoire de cette cit\u00e9 fortifi\u00e9e et profitez des ruelles pittoresques.<\/li><li aria-level=\"1\"><b>Parc Naturel R\u00e9gional de Camargue<\/b> : Un joyau naturel o\u00f9 admirer la biodiversit\u00e9 et vivre des instants inoubliables au c\u0153ur de la Camargue sauvage.<\/li><\/ul><p>\u00a0<\/p><p><em><b>Activit\u00e9s culturelles et gastronomiques<\/b><\/em><\/p><ul><li aria-level=\"1\"><b>March\u00e9s de produits locaux<\/b> : D\u00e9couvrez les saveurs de la gastronomie camarguaise, entre vins du Languedoc, riz de Camargue et sp\u00e9cialit\u00e9s de la mer.<\/li><li aria-level=\"1\"><b>Visites et d\u00e9gustations<\/b> : Rencontrez les producteurs locaux et go\u00fbtez aux richesses du terroir.<\/li><li aria-level=\"1\"><b>Festivals et f\u00eates traditionnelles<\/b> : Plongez dans l\u2019ambiance festive et authentique des \u00e9v\u00e9nements camarguais.<\/li><\/ul><p>\u00a0<\/p><p><em><b>Profitez d\u2019un s\u00e9jour sur mesure<\/b><\/em><\/p><p>Que vous soyez amateur de nature, de culture ou de d\u00e9tente, Les Jasses de Camargue vous promettent des vacances riches en d\u00e9couvertes et en souvenirs.<\/p><p>\u00a0<\/p><p>\ud83d\udcde <b>Contactez-nous d\u00e8s maintenant<\/b> pour organiser votre s\u00e9jour et d\u00e9couvrez toutes les activit\u00e9s disponibles sur place et dans les environs.<\/p>\t\t\t\t\t\t\t\t<\/div>\n\t\t\t\t<\/div>\n\t\t\t\t<div class=\"elementor-element elementor-element-2db6d2d elementor-widget elementor-widget-spacer\" data-id=\"2db6d2d\" data-element_type=\"widget\" data-widget_type=\"spacer.default\">\n\t\t\t\t<div class=\"elementor-widget-container\">\n\t\t\t\t\t\t\t<div class=\"elementor-spacer\">\n\t\t\t<div class=\"elementor-spacer-inner\"><\/div>\n\t\t<\/div>\n\t\t\t\t\t\t<\/div>\n\t\t\t\t<\/div>\n\t\t\t\t<\/div>\n\t\t\t\t<\/div>\n\t\t<div class=\"elementor-element elementor-element-94f4cf8 e-flex e-con-boxed e-con e-parent\" data-id=\"94f4cf8\" data-element_type=\"container\">\n\t\t\t\t\t<div class=\"e-con-inner\">\n\t\t\t\t<div class=\"elementor-element elementor-element-894a851 elementor--h-position-center elementor--v-position-middle elementor-arrows-position-inside elementor-pagination-position-inside elementor-widget elementor-widget-slides\" data-id=\"894a851\" data-element_type=\"widget\" data-settings=\"{&quot;navigation&quot;:&quot;both&quot;,&quot;autoplay&quot;:&quot;yes&quot;,&quot;pause_on_hover&quot;:&quot;yes&quot;,&quot;pause_on_interaction&quot;:&quot;yes&quot;,&quot;autoplay_speed&quot;:5000,&quot;infinite&quot;:&quot;yes&quot;,&quot;transition&quot;:&quot;slide&quot;,&quot;transition_speed&quot;:500}\" data-widget_type=\"slides.default\">\n\t\t\t\t<div class=\"elementor-widget-container\">\n\t\t\t\t\t\t\t<div class=\"elementor-swiper\">\n\t\t\t<div class=\"elementor-slides-wrapper elementor-main-swiper swiper\" dir=\"ltr\" data-animation=\"fadeInUp\">\n\t\t\t\t<div class=\"swiper-wrapper elementor-slides\">\n\t\t\t\t\t\t\t\t\t\t<div class=\"elementor-repeater-item-087578a swiper-slide\"><div class=\"swiper-slide-bg\" role=\"img\"><\/div><div class=\"swiper-slide-inner\" ><div class=\"swiper-slide-contents\"><\/div><\/div><\/div><div class=\"elementor-repeater-item-95ad6f5 swiper-slide\"><div class=\"swiper-slide-bg\" role=\"img\"><\/div><div class=\"swiper-slide-inner\" ><div class=\"swiper-slide-contents\"><\/div><\/div><\/div><div class=\"elementor-repeater-item-2706ef8 swiper-slide\"><div class=\"swiper-slide-bg\" role=\"img\"><\/div><div class=\"swiper-slide-inner\" ><div class=\"swiper-slide-contents\"><\/div><\/div><\/div><div class=\"elementor-repeater-item-ba24b21 swiper-slide\"><div class=\"swiper-slide-bg\" role=\"img\"><\/div><div class=\"swiper-slide-inner\" ><div class=\"swiper-slide-contents\"><\/div><\/div><\/div><div class=\"elementor-repeater-item-2c6ca81 swiper-slide\"><div class=\"swiper-slide-bg\" role=\"img\"><\/div><div class=\"swiper-slide-inner\" ><div class=\"swiper-slide-contents\"><\/div><\/div><\/div><div class=\"elementor-repeater-item-fa7cf65 swiper-slide\"><div class=\"swiper-slide-bg\" role=\"img\"><\/div><div class=\"swiper-slide-inner\" ><div class=\"swiper-slide-contents\"><\/div><\/div><\/div><div class=\"elementor-repeater-item-c3d7cfa swiper-slide\"><div class=\"swiper-slide-bg\" role=\"img\"><\/div><div class=\"swiper-slide-inner\" ><div class=\"swiper-slide-contents\"><\/div><\/div><\/div><div class=\"elementor-repeater-item-8190716 swiper-slide\"><div class=\"swiper-slide-bg\" role=\"img\"><\/div><div class=\"swiper-slide-inner\" ><div class=\"swiper-slide-contents\"><\/div><\/div><\/div><div class=\"elementor-repeater-item-d766d07 swiper-slide\"><div class=\"swiper-slide-bg\" role=\"img\"><\/div><div class=\"swiper-slide-inner\" ><div class=\"swiper-slide-contents\"><\/div><\/div><\/div><div class=\"elementor-repeater-item-d335532 swiper-slide\"><div class=\"swiper-slide-bg\" role=\"img\"><\/div><div class=\"swiper-slide-inner\" ><div class=\"swiper-slide-contents\"><div class=\"elementor-slide-heading\">Terrain de tennis<\/div><\/div><\/div><\/div>\t\t\t\t<\/div>\n\t\t\t\t\t\t\t\t\t\t\t\t\t\t\t<div class=\"swiper-pagination\"><\/div>\n\t\t\t\t\t\t\t\t\t\t\t\t\t\t\t\t<div class=\"elementor-swiper-button elementor-swiper-button-prev\" role=\"button\" tabindex=\"0\">\n\t\t\t\t\t\t\t<svg aria-hidden=\"true\" class=\"e-font-icon-svg e-eicon-chevron-left\" viewBox=\"0 0 1000 1000\" xmlns=\"http:\/\/www.w3.org\/2000\/svg\"><path d=\"M646 125C629 125 613 133 604 142L308 442C296 454 292 471 292 487 292 504 296 521 308 533L604 854C617 867 629 875 646 875 663 875 679 871 692 858 704 846 713 829 713 812 713 796 708 779 692 767L438 487 692 225C700 217 708 204 708 187 708 171 704 154 692 142 675 129 663 125 646 125Z\"><\/path><\/svg>\t\t\t\t\t\t\t<span class=\"elementor-screen-only\">Diapositive pr\u00e9c\u00e9dente<\/span>\n\t\t\t\t\t\t<\/div>\n\t\t\t\t\t\t<div class=\"elementor-swiper-button elementor-swiper-button-next\" role=\"button\" tabindex=\"0\">\n\t\t\t\t\t\t\t<svg aria-hidden=\"true\" class=\"e-font-icon-svg e-eicon-chevron-right\" viewBox=\"0 0 1000 1000\" xmlns=\"http:\/\/www.w3.org\/2000\/svg\"><path d=\"M696 533C708 521 713 504 713 487 713 471 708 454 696 446L400 146C388 133 375 125 354 125 338 125 325 129 313 142 300 154 292 171 292 187 292 204 296 221 308 233L563 492 304 771C292 783 288 800 288 817 288 833 296 850 308 863 321 871 338 875 354 875 371 875 388 867 400 854L696 533Z\"><\/path><\/svg>\t\t\t\t\t\t\t<span class=\"elementor-screen-only\">Diapositive suivante<\/span>\n\t\t\t\t\t\t<\/div>\n\t\t\t\t\t\t\t\t\t\t\t\t<\/div>\n\t\t<\/div>\n\t\t\t\t\t\t<\/div>\n\t\t\t\t<\/div>\n\t\t\t\t\t<\/div>\n\t\t\t\t<\/div>\n\t\t\t\t<\/div>\n\t\t","protected":false},"excerpt":{"rendered":"<p>Activit\u00e9s D\u00e9couvrez les activit\u00e9s incontournables aux Jasses de Camargue et en Petite Camargue Plongez au c\u0153ur d\u2019une exp\u00e9rience unique en Camargue, alliant d\u00e9tente, aventure et d\u00e9couvertes culturelles. Situ\u00e9 dans un cadre naturel exceptionnel, Les Jasses de Camargue sont le point de d\u00e9part id\u00e9al pour des vacances m\u00ealant bien-\u00eatre, nature sauvage et traditions locales. \u00a0 Activit\u00e9s [&hellip;]<\/p>\n","protected":false},"author":1,"featured_media":0,"parent":0,"menu_order":0,"comment_status":"closed","ping_status":"closed","template":"","meta":{"footnotes":""},"class_list":["post-887","page","type-page","status-publish","hentry"],"_links":{"self":[{"href":"https:\/\/dev.jassesdecamargue.com\/fr\/wp-json\/wp\/v2\/pages\/887","targetHints":{"allow":["GET"]}}],"collection":[{"href":"https:\/\/dev.jassesdecamargue.com\/fr\/wp-json\/wp\/v2\/pages"}],"about":[{"href":"https:\/\/dev.jassesdecamargue.com\/fr\/wp-json\/wp\/v2\/types\/page"}],"author":[{"embeddable":true,"href":"https:\/\/dev.jassesdecamargue.com\/fr\/wp-json\/wp\/v2\/users\/1"}],"replies":[{"embeddable":true,"href":"https:\/\/dev.jassesdecamargue.com\/fr\/wp-json\/wp\/v2\/comments?post=887"}],"version-history":[{"count":49,"href":"https:\/\/dev.jassesdecamargue.com\/fr\/wp-json\/wp\/v2\/pages\/887\/revisions"}],"predecessor-version":[{"id":2155,"href":"https:\/\/dev.jassesdecamargue.com\/fr\/wp-json\/wp\/v2\/pages\/887\/revisions\/2155"}],"wp:attachment":[{"href":"https:\/\/dev.jassesdecamargue.com\/fr\/wp-json\/wp\/v2\/media?parent=887"}],"curies":[{"name":"wp","href":"https:\/\/api.w.org\/{rel}","templated":true}]}}